{"id":1351,"date":"2016-05-11T13:03:38","date_gmt":"2016-05-11T11:03:38","guid":{"rendered":"https:\/\/marbellahorses.com\/en\/?page_id=1351"},"modified":"2024-02-08T11:03:21","modified_gmt":"2024-02-08T10:03:21","slug":"facilities","status":"publish","type":"page","link":"https:\/\/marbellahorses.com\/en\/facilities\/","title":{"rendered":"Facilities"},"content":{"rendered":"<!--themify_builder_content-->\n<div id=\"themify_builder_content-1351\" data-postid=\"1351\" class=\"themify_builder_content themify_builder_content-1351 themify_builder tf_clear\">\n                    <div  data-parallax-bg=\"desktop\" data-css_id=\"doni338\" data-lazy=\"1\" class=\"module_row themify_builder_row fullwidth_row_container tb_doni338 tb_first tf_w\">\n            <span  class=\"builder_row_cover tf_abs\" data-lazy=\"1\"><\/span>            <span class=\"tf_hide row-slider tb_slider tf_abs\" data-bgmode=\"fullcover\" data-sliderspeed=\"2000\">\n                <span class=\"tf_abs row-slider-slides tf_w tf_hidden tf_clearfix\">\n                                <span data-bg=\"https:\/\/marbellahorses.com\/wp-content\/uploads\/2016\/04\/IMG_1370-copy-1024x683.jpg\">\n                        <a href=\"javascript:;\" rel=\"nofollow\" class=\"row-slider-dot\" data-index=\"0\"><span class=\"screen-reader-text\">&bull;<\/span><\/a>\n                    <\/span>\n                                    <span data-bg=\"https:\/\/marbellahorses.com\/wp-content\/uploads\/2016\/04\/070-copy-1024x768.jpg\">\n                        <a href=\"javascript:;\" rel=\"nofollow\" class=\"row-slider-dot\" data-index=\"1\"><span class=\"screen-reader-text\">&bull;<\/span><\/a>\n                    <\/span>\n                                    <span data-bg=\"https:\/\/marbellahorses.com\/wp-content\/uploads\/2016\/04\/IMG_1446-copy-1024x683.jpg\">\n                        <a href=\"javascript:;\" rel=\"nofollow\" class=\"row-slider-dot\" data-index=\"2\"><span class=\"screen-reader-text\">&bull;<\/span><\/a>\n                    <\/span>\n                                    <span data-bg=\"https:\/\/marbellahorses.com\/wp-content\/uploads\/2016\/04\/IMG_1482-copy-1024x683.jpg\">\n                        <a href=\"javascript:;\" rel=\"nofollow\" class=\"row-slider-dot\" data-index=\"3\"><span class=\"screen-reader-text\">&bull;<\/span><\/a>\n                    <\/span>\n                                <\/span>\n                <span class=\"row-slider-nav tf_abs_t tf_w\">\n                    <a href=\"javascript:;\" rel=\"nofollow\" class=\"row-slider-arrow row-slider-prev tf_hidden tf_abs_t\"><span class=\"screen-reader-text\">&larr;<\/span><\/a>\n                    <a href=\"javascript:;\" rel=\"nofollow\" class=\"row-slider-arrow row-slider-next tf_hidden tf_abs_t\"><span class=\"screen-reader-text\">&rarr;<\/span><\/a>\n                <\/span>\n            <\/span>\n                        <div class=\"row_inner col_align_top tb_col_count_1 tf_box tf_rel\">\n                        <div  data-lazy=\"1\" class=\"module_column tb-column col-full tb_96hb088 first\">\n                    <!-- module text -->\n<div  class=\"module module-text tb_gg0s882   \" data-lazy=\"1\">\n        <div  class=\"tb_text_wrap\">\n        <h1 style=\\\"text-align: center;\\\">FACILITIES<\/h1>    <\/div>\n<\/div>\n<!-- \/module text -->        <\/div>\n                        <\/div>\n        <\/div>\n                        <div  data-anchor=\"Contacto\" data-lazy=\"1\" class=\"module_row themify_builder_row tb_has_section tb_section-Contacto tb_tean810 tf_w\">\n                        <div class=\"row_inner col_align_top tb_col_count_1 tf_box tf_rel\">\n                        <div  data-lazy=\"1\" class=\"module_column tb-column col-full tb_ieco848 first\">\n                    <!-- module text -->\n<div  class=\"module module-text tb_0ly5008   \" data-lazy=\"1\">\n        <div  class=\"tb_text_wrap\">\n        <h4 style=\"text-align: center;\"><em>Located in different sites but very close to each other,<br>Marbella Horses operates in two main places.<\/em><\/h4>    <\/div>\n<\/div>\n<!-- \/module text -->        <\/div>\n                        <\/div>\n        <\/div>\n                        <div  data-parallax-bg=\"desktop\" data-css_id=\"5l23011\" data-lazy=\"1\" class=\"module_row themify_builder_row fullwidth_row_container tb_5l23011 tf_w\">\n                        <div class=\"row_inner col_align_top tb_col_count_1 tf_box tf_rel\">\n                        <div  data-lazy=\"1\" class=\"module_column tb-column col-full tb_mq0b740 first\">\n                            <\/div>\n                        <\/div>\n        <\/div>\n                        <div  data-anchor=\"Contacto\" data-lazy=\"1\" class=\"module_row themify_builder_row tb_has_section tb_section-Contacto tb_zn3c800 tf_w\">\n                        <div class=\"row_inner col_align_top tb_col_count_1 tf_box tf_rel\">\n                        <div  data-lazy=\"1\" class=\"module_column tb-column col-full tb_pahv347 first\">\n                    <!-- module image -->\n<div  class=\"module module-image tb_5gpt347 image-center   tf_mw\" data-lazy=\"1\">\n        <div class=\"image-wrap tf_rel tf_mw\">\n            <img loading=\"lazy\" decoding=\"async\" width=\"82\" height=\"55\" src=\"https:\/\/marbellahorses.com\/wp-content\/uploads\/2016\/03\/logo-icon.png\" class=\"wp-post-image wp-image-1082\" title=\"logo-icon\" alt=\"logo-icon\">    \n        <\/div>\n    <!-- \/image-wrap -->\n    \n        <\/div>\n<!-- \/module image --><!-- module fancy heading -->\n<div  class=\"module module-fancy-heading tb_m5uc347  tb_hide_divider\" data-lazy=\"1\">\n        <h2 class=\"fancy-heading\">\n    <span class=\"main-head tf_block\">\n                    PONY CLUB VILLACANA            <\/span>\n\n    \n    <span class=\"sub-head tf_block tf_rel\">\n                                <\/span>\n    <\/h2>\n<\/div>\n<!-- \/module fancy heading -->\n<!-- module divider -->\n<div  class=\"module tf_mw module-divider tb_2opk347 solid   \" style=\"border-width: 1px;border-color: #ffffff;margin-top: 20px;margin-bottom: 20px;\" data-lazy=\"1\">\n    <\/div>\n<!-- \/module divider -->\n<!-- module gallery -->\n<div  class=\"module gallery module-gallery tb_37m7347 layout-grid  \" data-lazy=\"1\">\n    <div class=\"module-gallery-grid\" style=\"--gald:5;--galt:5;--galm:5\">\n            <dl class=\"gallery-item\">\n            <dt class=\"gallery-icon\">\n            <a data-title=\"\" title=\"\" href=\"https:\/\/marbellahorses.com\/wp-content\/uploads\/2016\/04\/071-copy-scaled.jpg\" data-rel=\"tb_37m7347\" class=\"themify_lightbox\"><img loading=\"lazy\" decoding=\"async\" src=\"https:\/\/marbellahorses.com\/wp-content\/uploads\/2016\/04\/071-copy-1024x768-250x250.jpg\" width=\"250\" height=\"250\" class=\"wp-post-image wp-image-1285\" title=\"071 copy\" alt=\"071 copy\" srcset=\"https:\/\/marbellahorses.com\/wp-content\/uploads\/2016\/04\/071-copy-1024x768-250x250.jpg 250w, https:\/\/marbellahorses.com\/wp-content\/uploads\/2016\/04\/071-copy-scaled-300x300.jpg 300w, https:\/\/marbellahorses.com\/wp-content\/uploads\/2016\/04\/071-copy-scaled-100x100.jpg 100w, https:\/\/marbellahorses.com\/wp-content\/uploads\/2016\/04\/071-copy-150x150.jpg 150w\" sizes=\"auto, (max-width: 250px) 100vw, 250px\" \/><\/a>            <\/dt>\n                    <\/dl>\n            <dl class=\"gallery-item\">\n            <dt class=\"gallery-icon\">\n            <a data-title=\"\" title=\"\" href=\"https:\/\/marbellahorses.com\/wp-content\/uploads\/2016\/04\/081-copy-scaled.jpg\" data-rel=\"tb_37m7347\" class=\"themify_lightbox\"><img loading=\"lazy\" decoding=\"async\" src=\"https:\/\/marbellahorses.com\/wp-content\/uploads\/2016\/04\/081-copy-1024x768-250x250.jpg\" width=\"250\" height=\"250\" class=\"wp-post-image wp-image-1288\" title=\"081 copy\" alt=\"081 copy\" srcset=\"https:\/\/marbellahorses.com\/wp-content\/uploads\/2016\/04\/081-copy-1024x768-250x250.jpg 250w, https:\/\/marbellahorses.com\/wp-content\/uploads\/2016\/04\/081-copy-scaled-300x300.jpg 300w, https:\/\/marbellahorses.com\/wp-content\/uploads\/2016\/04\/081-copy-scaled-100x100.jpg 100w, https:\/\/marbellahorses.com\/wp-content\/uploads\/2016\/04\/081-copy-150x150.jpg 150w\" sizes=\"auto, (max-width: 250px) 100vw, 250px\" \/><\/a>            <\/dt>\n                    <\/dl>\n            <dl class=\"gallery-item\">\n            <dt class=\"gallery-icon\">\n            <a data-title=\"\" title=\"\" href=\"https:\/\/marbellahorses.com\/wp-content\/uploads\/2016\/04\/Huerta-y-Gallinas-2.jpg\" data-rel=\"tb_37m7347\" class=\"themify_lightbox\"><img loading=\"lazy\" decoding=\"async\" src=\"https:\/\/marbellahorses.com\/wp-content\/uploads\/2016\/04\/Huerta-y-Gallinas-2-1024x742-250x250.jpg\" width=\"250\" height=\"250\" class=\"wp-post-image wp-image-1315\" title=\"Huerta-y-Gallinas-2\" alt=\"Huerta-y-Gallinas-2\" srcset=\"https:\/\/marbellahorses.com\/wp-content\/uploads\/2016\/04\/Huerta-y-Gallinas-2-1024x742-250x250.jpg 250w, https:\/\/marbellahorses.com\/wp-content\/uploads\/2016\/04\/Huerta-y-Gallinas-2-300x300.jpg 300w, https:\/\/marbellahorses.com\/wp-content\/uploads\/2016\/04\/Huerta-y-Gallinas-2-100x100.jpg 100w, https:\/\/marbellahorses.com\/wp-content\/uploads\/2016\/04\/Huerta-y-Gallinas-2-150x150.jpg 150w\" sizes=\"auto, (max-width: 250px) 100vw, 250px\" \/><\/a>            <\/dt>\n                    <\/dl>\n            <dl class=\"gallery-item\">\n            <dt class=\"gallery-icon\">\n            <a data-title=\"\" title=\"\" href=\"https:\/\/marbellahorses.com\/wp-content\/uploads\/2016\/04\/IMG_1482-copy.jpg\" data-rel=\"tb_37m7347\" class=\"themify_lightbox\"><img loading=\"lazy\" decoding=\"async\" src=\"https:\/\/marbellahorses.com\/wp-content\/uploads\/2016\/04\/IMG_1482-copy-1024x683-250x250.jpg\" width=\"250\" height=\"250\" class=\"wp-post-image wp-image-1289\" title=\"IMG_1482 copy\" alt=\"IMG_1482 copy\" srcset=\"https:\/\/marbellahorses.com\/wp-content\/uploads\/2016\/04\/IMG_1482-copy-1024x683-250x250.jpg 250w, https:\/\/marbellahorses.com\/wp-content\/uploads\/2016\/04\/IMG_1482-copy-300x300.jpg 300w, https:\/\/marbellahorses.com\/wp-content\/uploads\/2016\/04\/IMG_1482-copy-100x100.jpg 100w, https:\/\/marbellahorses.com\/wp-content\/uploads\/2016\/04\/IMG_1482-copy-150x150.jpg 150w\" sizes=\"auto, (max-width: 250px) 100vw, 250px\" \/><\/a>            <\/dt>\n                    <\/dl>\n            <dl class=\"gallery-item\">\n            <dt class=\"gallery-icon\">\n            <a data-title=\"\" title=\"\" href=\"https:\/\/marbellahorses.com\/wp-content\/uploads\/2016\/04\/IMG_1370-copy.jpg\" data-rel=\"tb_37m7347\" class=\"themify_lightbox\"><img loading=\"lazy\" decoding=\"async\" src=\"https:\/\/marbellahorses.com\/wp-content\/uploads\/2016\/04\/IMG_1370-copy-1024x683-250x250.jpg\" width=\"250\" height=\"250\" class=\"wp-post-image wp-image-1290\" title=\"IMG_1370 copy\" alt=\"IMG_1370 copy\" srcset=\"https:\/\/marbellahorses.com\/wp-content\/uploads\/2016\/04\/IMG_1370-copy-1024x683-250x250.jpg 250w, https:\/\/marbellahorses.com\/wp-content\/uploads\/2016\/04\/IMG_1370-copy-300x300.jpg 300w, https:\/\/marbellahorses.com\/wp-content\/uploads\/2016\/04\/IMG_1370-copy-100x100.jpg 100w, https:\/\/marbellahorses.com\/wp-content\/uploads\/2016\/04\/IMG_1370-copy-150x150.jpg 150w\" sizes=\"auto, (max-width: 250px) 100vw, 250px\" \/><\/a>            <\/dt>\n                    <\/dl>\n    <\/div>\n<\/div>\n<!-- \/module gallery -->        <\/div>\n                        <\/div>\n        <\/div>\n                        <div  data-parallax-bg=\"desktop\" data-css_id=\"c1k3808\" data-lazy=\"1\" class=\"module_row themify_builder_row fullwidth_row_container tb_c1k3808 tf_w\">\n                        <div class=\"row_inner col_align_top tb_col_count_1 tf_box tf_rel\">\n                        <div  data-lazy=\"1\" class=\"module_column tb-column col-full tb_zskp088 first\">\n                            <\/div>\n                        <\/div>\n        <\/div>\n                        <div  data-anchor=\"Contacto\" data-lazy=\"1\" class=\"module_row themify_builder_row tb_has_section tb_section-Contacto tb_qenk102 tf_w\">\n                        <div class=\"row_inner col_align_top tb_col_count_1 tf_box tf_rel\">\n                        <div  data-lazy=\"1\" class=\"module_column tb-column col-full tb_gp5o080 first\">\n                    <!-- module image -->\n<div  class=\"module module-image tb_goaj696 image-center   tf_mw\" data-lazy=\"1\">\n        <div class=\"image-wrap tf_rel tf_mw\">\n            <img loading=\"lazy\" decoding=\"async\" width=\"82\" height=\"55\" src=\"https:\/\/marbellahorses.com\/wp-content\/uploads\/2016\/03\/logo-icon.png\" class=\"wp-post-image wp-image-1082\" title=\"logo-icon\" alt=\"logo-icon\">    \n        <\/div>\n    <!-- \/image-wrap -->\n    \n        <\/div>\n<!-- \/module image --><!-- module fancy heading -->\n<div  class=\"module module-fancy-heading tb_leva879  tb_hide_divider\" data-lazy=\"1\">\n        <h2 class=\"fancy-heading\">\n    <span class=\"main-head tf_block\">\n                    EQUESTRIAN CENTRE EL PADR\u00d3N            <\/span>\n\n    \n    <span class=\"sub-head tf_block tf_rel\">\n                                <\/span>\n    <\/h2>\n<\/div>\n<!-- \/module fancy heading -->\n<!-- module text -->\n<div  class=\"module module-text tb_ot62001   \" data-lazy=\"1\">\n        <div  class=\"tb_text_wrap\">\n        <p style=\"text-align: center;\">In the area of El Padr\u00f3n, very near the centre of Estepona, the equestrian centre El Padr\u00f3n is owned by Mr. Francisco S\u00e1nchez Garc\u00eda. <br>Pepe has always been a \u201cHorse Man\u201d. He shows it every day through caring for the horses that are stabled in his facilities. The yard is clean, functional, has easy access and an excellent arena.\u00a0<span style=\"background-color: initial; font-size: 0.9em;\">This is the place where we conduct our daily training and prepare our Dressage horses for competition. We have done so for several years.<\/span><\/p>    <\/div>\n<\/div>\n<!-- \/module text -->        <\/div>\n                        <\/div>\n        <\/div>\n                        <div  data-parallax-bg=\"desktop\" data-css_id=\"jnrv885\" data-lazy=\"1\" class=\"module_row themify_builder_row fullwidth_row_container tb_jnrv885 tf_w\">\n                        <div class=\"row_inner col_align_top tb_col_count_1 tf_box tf_rel\">\n                        <div  data-lazy=\"1\" class=\"module_column tb-column col-full tb_i7l5101 first\">\n                            <\/div>\n                        <\/div>\n        <\/div>\n        <\/div>\n<!--\/themify_builder_content-->","protected":false},"excerpt":{"rendered":"<p>FACILITIES Located in different sites but very close to each other,Marbella Horses operates in two main places. PONY CLUB VILLACANA EQUESTRIAN CENTRE EL PADR\u00d3N In the area of El Padr\u00f3n, very near the centre of Estepona, the equestrian centre El Padr\u00f3n is owned by Mr. Francisco S\u00e1nchez Garc\u00eda. Pepe has always been a \u201cHorse Man\u201d. [&hellip;]<\/p>\n","protected":false},"author":1,"featured_media":0,"parent":0,"menu_order":0,"comment_status":"closed","ping_status":"closed","template":"","meta":{"footnotes":""},"class_list":["post-1351","page","type-page","status-publish","hentry","has-post-title","has-post-date","has-post-category","has-post-tag","has-post-comment","has-post-author",""],"yoast_head":"<!-- This site is optimized with the Yoast SEO plugin v26.9 - https:\/\/yoast.com\/product\/yoast-seo-wordpress\/ -->\n<title>Our Stable and Facilities for Horseback Riding - Marbella Horses<\/title>\n<meta name=\"description\" content=\"Take a tour through our facilities and stables at Marbella Horses on the Costa del Sol. We offer a variety of possibilities. Visit our website to know more!\" \/>\n<meta name=\"robots\" content=\"index, follow, max-snippet:-1, max-image-preview:large, max-video-preview:-1\" \/>\n<link rel=\"canonical\" href=\"https:\/\/marbellahorses.com\/en\/facilities\/\" \/>\n<meta property=\"og:locale\" content=\"en_US\" \/>\n<meta property=\"og:type\" content=\"article\" \/>\n<meta property=\"og:title\" content=\"Our Stable and Facilities for Horseback Riding - Marbella Horses\" \/>\n<meta property=\"og:description\" content=\"Take a tour through our facilities and stables at Marbella Horses on the Costa del Sol. We offer a variety of possibilities. Visit our website to know more!\" \/>\n<meta property=\"og:url\" content=\"https:\/\/marbellahorses.com\/en\/facilities\/\" \/>\n<meta property=\"og:site_name\" content=\"Marbella Horses\" \/>\n<meta property=\"article:modified_time\" content=\"2024-02-08T10:03:21+00:00\" \/>\n<meta property=\"og:image\" content=\"https:\/\/marbellahorses.com\/wp-content\/uploads\/2016\/04\/Installaciones-background-150x150.jpg\" \/>\n<meta name=\"twitter:card\" content=\"summary_large_image\" \/>\n<script type=\"application\/ld+json\" class=\"yoast-schema-graph\">{\"@context\":\"https:\/\/schema.org\",\"@graph\":[{\"@type\":\"WebPage\",\"@id\":\"https:\/\/marbellahorses.com\/en\/facilities\/\",\"url\":\"https:\/\/marbellahorses.com\/en\/facilities\/\",\"name\":\"Our Stable and Facilities for Horseback Riding - Marbella Horses\",\"isPartOf\":{\"@id\":\"https:\/\/marbellahorses.com\/en\/#website\"},\"primaryImageOfPage\":{\"@id\":\"https:\/\/marbellahorses.com\/en\/facilities\/#primaryimage\"},\"image\":{\"@id\":\"https:\/\/marbellahorses.com\/en\/facilities\/#primaryimage\"},\"thumbnailUrl\":\"https:\/\/marbellahorses.com\/wp-content\/uploads\/2016\/03\/logo-icon.png\",\"datePublished\":\"2016-05-11T11:03:38+00:00\",\"dateModified\":\"2024-02-08T10:03:21+00:00\",\"description\":\"Take a tour through our facilities and stables at Marbella Horses on the Costa del Sol. We offer a variety of possibilities. Visit our website to know more!\",\"breadcrumb\":{\"@id\":\"https:\/\/marbellahorses.com\/en\/facilities\/#breadcrumb\"},\"inLanguage\":\"en-US\",\"potentialAction\":[{\"@type\":\"ReadAction\",\"target\":[\"https:\/\/marbellahorses.com\/en\/facilities\/\"]}]},{\"@type\":\"ImageObject\",\"inLanguage\":\"en-US\",\"@id\":\"https:\/\/marbellahorses.com\/en\/facilities\/#primaryimage\",\"url\":\"https:\/\/marbellahorses.com\/wp-content\/uploads\/2016\/03\/logo-icon.png\",\"contentUrl\":\"https:\/\/marbellahorses.com\/wp-content\/uploads\/2016\/03\/logo-icon.png\"},{\"@type\":\"BreadcrumbList\",\"@id\":\"https:\/\/marbellahorses.com\/en\/facilities\/#breadcrumb\",\"itemListElement\":[{\"@type\":\"ListItem\",\"position\":1,\"name\":\"Home\",\"item\":\"https:\/\/marbellahorses.com\/en\/\"},{\"@type\":\"ListItem\",\"position\":2,\"name\":\"Facilities\"}]},{\"@type\":\"WebSite\",\"@id\":\"https:\/\/marbellahorses.com\/en\/#website\",\"url\":\"https:\/\/marbellahorses.com\/en\/\",\"name\":\"Marbella Horses\",\"description\":\"\",\"potentialAction\":[{\"@type\":\"SearchAction\",\"target\":{\"@type\":\"EntryPoint\",\"urlTemplate\":\"https:\/\/marbellahorses.com\/en\/?s={search_term_string}\"},\"query-input\":{\"@type\":\"PropertyValueSpecification\",\"valueRequired\":true,\"valueName\":\"search_term_string\"}}],\"inLanguage\":\"en-US\"}]}<\/script>\n<!-- \/ Yoast SEO plugin. -->","yoast_head_json":{"title":"Our Stable and Facilities for Horseback Riding - Marbella Horses","description":"Take a tour through our facilities and stables at Marbella Horses on the Costa del Sol. We offer a variety of possibilities. Visit our website to know more!","robots":{"index":"index","follow":"follow","max-snippet":"max-snippet:-1","max-image-preview":"max-image-preview:large","max-video-preview":"max-video-preview:-1"},"canonical":"https:\/\/marbellahorses.com\/en\/facilities\/","og_locale":"en_US","og_type":"article","og_title":"Our Stable and Facilities for Horseback Riding - Marbella Horses","og_description":"Take a tour through our facilities and stables at Marbella Horses on the Costa del Sol. We offer a variety of possibilities. Visit our website to know more!","og_url":"https:\/\/marbellahorses.com\/en\/facilities\/","og_site_name":"Marbella Horses","article_modified_time":"2024-02-08T10:03:21+00:00","og_image":[{"url":"https:\/\/marbellahorses.com\/wp-content\/uploads\/2016\/04\/Installaciones-background-150x150.jpg","type":"","width":"","height":""}],"twitter_card":"summary_large_image","schema":{"@context":"https:\/\/schema.org","@graph":[{"@type":"WebPage","@id":"https:\/\/marbellahorses.com\/en\/facilities\/","url":"https:\/\/marbellahorses.com\/en\/facilities\/","name":"Our Stable and Facilities for Horseback Riding - Marbella Horses","isPartOf":{"@id":"https:\/\/marbellahorses.com\/en\/#website"},"primaryImageOfPage":{"@id":"https:\/\/marbellahorses.com\/en\/facilities\/#primaryimage"},"image":{"@id":"https:\/\/marbellahorses.com\/en\/facilities\/#primaryimage"},"thumbnailUrl":"https:\/\/marbellahorses.com\/wp-content\/uploads\/2016\/03\/logo-icon.png","datePublished":"2016-05-11T11:03:38+00:00","dateModified":"2024-02-08T10:03:21+00:00","description":"Take a tour through our facilities and stables at Marbella Horses on the Costa del Sol. We offer a variety of possibilities. Visit our website to know more!","breadcrumb":{"@id":"https:\/\/marbellahorses.com\/en\/facilities\/#breadcrumb"},"inLanguage":"en-US","potentialAction":[{"@type":"ReadAction","target":["https:\/\/marbellahorses.com\/en\/facilities\/"]}]},{"@type":"ImageObject","inLanguage":"en-US","@id":"https:\/\/marbellahorses.com\/en\/facilities\/#primaryimage","url":"https:\/\/marbellahorses.com\/wp-content\/uploads\/2016\/03\/logo-icon.png","contentUrl":"https:\/\/marbellahorses.com\/wp-content\/uploads\/2016\/03\/logo-icon.png"},{"@type":"BreadcrumbList","@id":"https:\/\/marbellahorses.com\/en\/facilities\/#breadcrumb","itemListElement":[{"@type":"ListItem","position":1,"name":"Home","item":"https:\/\/marbellahorses.com\/en\/"},{"@type":"ListItem","position":2,"name":"Facilities"}]},{"@type":"WebSite","@id":"https:\/\/marbellahorses.com\/en\/#website","url":"https:\/\/marbellahorses.com\/en\/","name":"Marbella Horses","description":"","potentialAction":[{"@type":"SearchAction","target":{"@type":"EntryPoint","urlTemplate":"https:\/\/marbellahorses.com\/en\/?s={search_term_string}"},"query-input":{"@type":"PropertyValueSpecification","valueRequired":true,"valueName":"search_term_string"}}],"inLanguage":"en-US"}]}},"_links":{"self":[{"href":"https:\/\/marbellahorses.com\/en\/wp-json\/wp\/v2\/pages\/1351","targetHints":{"allow":["GET"]}}],"collection":[{"href":"https:\/\/marbellahorses.com\/en\/wp-json\/wp\/v2\/pages"}],"about":[{"href":"https:\/\/marbellahorses.com\/en\/wp-json\/wp\/v2\/types\/page"}],"author":[{"embeddable":true,"href":"https:\/\/marbellahorses.com\/en\/wp-json\/wp\/v2\/users\/1"}],"replies":[{"embeddable":true,"href":"https:\/\/marbellahorses.com\/en\/wp-json\/wp\/v2\/comments?post=1351"}],"version-history":[{"count":8,"href":"https:\/\/marbellahorses.com\/en\/wp-json\/wp\/v2\/pages\/1351\/revisions"}],"predecessor-version":[{"id":2325,"href":"https:\/\/marbellahorses.com\/en\/wp-json\/wp\/v2\/pages\/1351\/revisions\/2325"}],"wp:attachment":[{"href":"https:\/\/marbellahorses.com\/en\/wp-json\/wp\/v2\/media?parent=1351"}],"curies":[{"name":"wp","href":"https:\/\/api.w.org\/{rel}","templated":true}]}}